{"id":3979,"date":"2023-08-21T13:29:06","date_gmt":"2023-08-21T11:29:06","guid":{"rendered":"http:\/\/house-lash.com\/?post_type=product&#038;p=3979"},"modified":"2023-12-20T15:06:21","modified_gmt":"2023-12-20T14:06:21","slug":"pincet-no-3","status":"publish","type":"product","link":"https:\/\/www.house-lash.com\/en\/product\/pincet-no-3\/","title":{"rendered":"Pincet no. 3"},"content":{"rendered":"<p>Volume pincet \u2013 2D-6D<br \/>\nThe exceptional quality of these steel tweezers lies in their versatility.<\/p>\n<p>It is specially designed for<br \/>\ncomfortable work, ultra-light and easy to handle.<\/p>","protected":false},"excerpt":{"rendered":"<p>Volume pincet \u2013 2D-6D Den us\u00e6dvanlige kvalitet af denne st\u00e5lpincet ligger i dens alsidighed. Den er specielt designet til komfortabelt arbejde, ultralet og let at h\u00e5ndtere.<\/p>","protected":false},"featured_media":3965,"template":"","meta":[],"product_brand":[],"product_cat":[41,16],"product_tag":[45],"class_list":{"0":"post-3979","1":"product","2":"type-product","3":"status-publish","4":"has-post-thumbnail","6":"product_cat-crina-popa-lashhouse","7":"product_cat-vipper","8":"product_tag-pincet","10":"first","11":"instock","12":"taxable","13":"shipping-taxable","14":"purchasable","15":"product-type-simple"},"_links":{"self":[{"href":"https:\/\/www.house-lash.com\/en\/wp-json\/wp\/v2\/product\/3979","targetHints":{"allow":["GET"]}}],"collection":[{"href":"https:\/\/www.house-lash.com\/en\/wp-json\/wp\/v2\/product"}],"about":[{"href":"https:\/\/www.house-lash.com\/en\/wp-json\/wp\/v2\/types\/product"}],"wp:featuredmedia":[{"embeddable":true,"href":"https:\/\/www.house-lash.com\/en\/wp-json\/wp\/v2\/media\/3965"}],"wp:attachment":[{"href":"https:\/\/www.house-lash.com\/en\/wp-json\/wp\/v2\/media?parent=3979"}],"wp:term":[{"taxonomy":"product_brand","embeddable":true,"href":"https:\/\/www.house-lash.com\/en\/wp-json\/wp\/v2\/product_brand?post=3979"},{"taxonomy":"product_cat","embeddable":true,"href":"https:\/\/www.house-lash.com\/en\/wp-json\/wp\/v2\/product_cat?post=3979"},{"taxonomy":"product_tag","embeddable":true,"href":"https:\/\/www.house-lash.com\/en\/wp-json\/wp\/v2\/product_tag?post=3979"}],"curies":[{"name":"wp","href":"https:\/\/api.w.org\/{rel}","templated":true}]}}